{"id":604,"date":"2025-02-13T15:01:13","date_gmt":"2025-02-13T14:01:13","guid":{"rendered":"https:\/\/ellips.ch\/impressum\/"},"modified":"2025-06-17T11:39:40","modified_gmt":"2025-06-17T09:39:40","slug":"impressum","status":"publish","type":"page","link":"https:\/\/ellips.ch\/de\/impressum\/","title":{"rendered":"Impressum"},"content":{"rendered":"\n<h3 class=\"wp-block-heading\">Angaben gem\u00e4ss Art. 3 Abs. 1 lit. s UWG und Art. 322a OR   <\/h3>\n\n\n\n<h3 class=\"wp-block-heading\">Websitebetreiberin<\/h3>\n\n\n\n<p>ellips public affairs &amp; consulting s\u00e0rl<br>Neuengasse 43<br>3011 Bern<br>Schweiz<\/p>\n\n\n\n<h3 class=\"wp-block-heading\">Vertretungsberechtigte Person<\/h3>\n\n\n\n<p>Sacra Tomisawa (Gesch\u00e4ftsf\u00fchrerin)<br>Tel: +41 31 311 09 08<br>E-mail: <a href=\"mailto:sacra.tomisawa@ellips.ch\">sacra.tomisawa@ellips.ch<\/a><\/p>\n\n\n\n<h3 class=\"wp-block-heading\">Handelsregistereintrag<\/h3>\n\n\n\n<p>Eingetragener Firmenname: ellips public affairs &amp; consulting s\u00e0rl<br>Handelsregister-Nr.: CH-036.4.071.824-8<br>UID: CHE-450.300.475<\/p>\n\n\n\n<h3 class=\"wp-block-heading\">Haftungsausschluss<\/h3>\n\n\n\n<p>Die Betreiberin \u00fcbernimmt keine Gew\u00e4hr f\u00fcr die Richtigkeit, Genauigkeit, Aktualit\u00e4t, Zuverl\u00e4ssigkeit und Vollst\u00e4ndigkeit der Informationen.<\/p>\n\n\n\n<p>Haftungsanspr\u00fcche gegen die Betreiberin wegen Sch\u00e4den materieller oder immaterieller Art, die aus dem Zugriff oder der Nutzung bzw. Nichtnutzung der ver\u00f6ffentlichten Informationen entstanden sind, werden ausgeschlossen.<\/p>\n\n\n\n<h3 class=\"wp-block-heading\">Urheberrechte<\/h3>\n\n\n\n<p>Die Urheberrechte und alle anderen Rechte an Inhalten, Bildern, Fotos oder anderen Dateien auf der Website geh\u00f6ren ausschliesslich der ellips public affairs &amp; consulting s\u00e0rl oder den speziell genannten Rechteinhabern. F\u00fcr die Reproduktion jeglicher Elemente ist die schriftliche Zustimmung der Urheberrechtstr\u00e4ger im Voraus einzuholen. <\/p>\n\n\n\n<h3 class=\"wp-block-heading\">Datenschutz<\/h3>\n\n\n\n<p>Sie finden alle notwendigen Informationen in unserer <a href=\"https:\/\/ellips.ch\/de\/datenschutz\/\" data-type=\"link\" data-id=\"https:\/\/ellips.ch\/de\/datenschutz\/\">Datenschutzerkl\u00e4rung<\/a>. <\/p>\n\n\n\n<h3 class=\"wp-block-heading\">Konzept &amp; Programmierung der Website<\/h3>\n\n\n\n<p><a href=\"https:\/\/ninaregli.com\/\">Nina Regli<\/a><\/p>\n\n\n\n<h3 class=\"wp-block-heading\">Design<\/h3>\n\n\n\n<p><a href=\"https:\/\/www.elenehulleman.nl\/\">El\u00e8ne Hullemann<\/a><\/p>\n","protected":false},"excerpt":{"rendered":"<p>Angaben gem\u00e4ss Art. 3 Abs. 1 lit. s UWG und Art. 322a OR Websitebetreiberin ellips public affairs &amp; consulting s\u00e0rlNeuengasse 433011 BernSchweiz Vertretungsberechtigte Person Sacra Tomisawa (Gesch\u00e4ftsf\u00fchrerin)Tel: +41 31 311 09 08E-mail: sacra.tomisawa@ellips.ch Handelsregistereintrag Eingetragener Firmenname: ellips public affairs &amp; consulting s\u00e0rlHandelsregister-Nr.: CH-036.4.071.824-8UID: CHE-450.300.475 Haftungsausschluss Die Betreiberin \u00fcbernimmt keine Gew\u00e4hr f\u00fcr die Richtigkeit, Genauigkeit, Aktualit\u00e4t, [&hellip;]<\/p>\n","protected":false},"author":1,"featured_media":0,"parent":0,"menu_order":0,"comment_status":"closed","ping_status":"closed","template":"","meta":{"_acf_changed":false,"footnotes":""},"class_list":["post-604","page","type-page","status-publish","hentry"],"acf":[],"_links":{"self":[{"href":"https:\/\/ellips.ch\/de\/wp-json\/wp\/v2\/pages\/604","targetHints":{"allow":["GET"]}}],"collection":[{"href":"https:\/\/ellips.ch\/de\/wp-json\/wp\/v2\/pages"}],"about":[{"href":"https:\/\/ellips.ch\/de\/wp-json\/wp\/v2\/types\/page"}],"author":[{"embeddable":true,"href":"https:\/\/ellips.ch\/de\/wp-json\/wp\/v2\/users\/1"}],"replies":[{"embeddable":true,"href":"https:\/\/ellips.ch\/de\/wp-json\/wp\/v2\/comments?post=604"}],"version-history":[{"count":3,"href":"https:\/\/ellips.ch\/de\/wp-json\/wp\/v2\/pages\/604\/revisions"}],"predecessor-version":[{"id":911,"href":"https:\/\/ellips.ch\/de\/wp-json\/wp\/v2\/pages\/604\/revisions\/911"}],"wp:attachment":[{"href":"https:\/\/ellips.ch\/de\/wp-json\/wp\/v2\/media?parent=604"}],"curies":[{"name":"wp","href":"https:\/\/api.w.org\/{rel}","templated":true}]}}