{"id":274,"date":"2025-02-13T14:38:10","date_gmt":"2025-02-13T13:38:10","guid":{"rendered":"https:\/\/ellips.ch\/leistungen\/"},"modified":"2026-02-27T17:04:52","modified_gmt":"2026-02-27T16:04:52","slug":"leistungen","status":"publish","type":"page","link":"https:\/\/ellips.ch\/de\/leistungen\/","title":{"rendered":"Leistungen"},"content":{"rendered":"<figure class=\"cardLinks\">\n    <a href=\"https:\/\/ellips.ch\/de\/leistungen\/#politikberatung\" class=\"cardLinks__link\">\n    <figure class=\"cardLinks__item\">  \n      <img decoding=\"async\" \n      srcset =\"https:\/\/ellips.ch\/wp-content\/uploads\/2025\/05\/DSC4153-scaled.jpg 2560w, https:\/\/ellips.ch\/wp-content\/uploads\/2025\/05\/DSC4153-800x535.jpg 800w, https:\/\/ellips.ch\/wp-content\/uploads\/2025\/05\/DSC4153-1800x1205.jpg 1800w, https:\/\/ellips.ch\/wp-content\/uploads\/2025\/05\/DSC4153-600x402.jpg 600w, https:\/\/ellips.ch\/wp-content\/uploads\/2025\/05\/DSC4153-1400x937.jpg 1400w, https:\/\/ellips.ch\/wp-content\/uploads\/2025\/05\/DSC4153-1536x1028.jpg 1536w, https:\/\/ellips.ch\/wp-content\/uploads\/2025\/05\/DSC4153-2048x1371.jpg 2048w\"\n          sizes=\"40vw\"\n          src=\"https:\/\/ellips.ch\/wp-content\/uploads\/2025\/05\/DSC4153-scaled.jpg\" \n          alt=\"\"\n          class=\"cardLinks__img\">\n      <figcaption class=\"cardLinks__textWrapper\">\n        <span class=\"cardLinks__title\">Politikberatung <\/span>\n        <span class=\"cardLinks__text\">mein Anliegen sichtbar machen<\/span>\n      <\/figcaption>\n      <\/figure>\n    <\/a>\n    <a href=\"https:\/\/ellips.ch\/de\/leistungen\/#organisationsberatung\" class=\"cardLinks__link\">\n    <figure class=\"cardLinks__item\">  \n      <img decoding=\"async\" \n      srcset =\"https:\/\/ellips.ch\/wp-content\/uploads\/2025\/05\/DSC5396-scaled.jpg 2560w, https:\/\/ellips.ch\/wp-content\/uploads\/2025\/05\/DSC5396-800x533.jpg 800w, https:\/\/ellips.ch\/wp-content\/uploads\/2025\/05\/DSC5396-1800x1200.jpg 1800w, https:\/\/ellips.ch\/wp-content\/uploads\/2025\/05\/DSC5396-600x400.jpg 600w, https:\/\/ellips.ch\/wp-content\/uploads\/2025\/05\/DSC5396-1400x933.jpg 1400w, https:\/\/ellips.ch\/wp-content\/uploads\/2025\/05\/DSC5396-1536x1024.jpg 1536w, https:\/\/ellips.ch\/wp-content\/uploads\/2025\/05\/DSC5396-2048x1365.jpg 2048w\"\n          sizes=\"40vw\"\n          src=\"https:\/\/ellips.ch\/wp-content\/uploads\/2025\/05\/DSC5396-scaled.jpg\" \n          alt=\"\"\n          class=\"cardLinks__img\">\n      <figcaption class=\"cardLinks__textWrapper\">\n        <span class=\"cardLinks__title\">Organisationsberatung <\/span>\n        <span class=\"cardLinks__text\">mein Arbeitsumfeld dynamisieren<\/span>\n      <\/figcaption>\n      <\/figure>\n    <\/a>\n  <\/figure>\n\n\n<h2 class=\"wp-block-heading\" id=\"politikberatung\"><strong>Politikberatung<\/strong><\/h2>\n\n\n\n<div class=\"wp-block-pb-accordion-item c-accordion__item js-accordion-item no-js is-open\" data-initially-open=\"true\" data-click-to-close=\"true\" data-auto-close=\"true\" data-scroll=\"false\" data-scroll-offset=\"0\"><h2 id=\"at-2740\" class=\"c-accordion__title js-accordion-controller\" role=\"button\">Strategie <\/h2><div id=\"ac-2740\" class=\"c-accordion__content\">\n<p>Wir analysieren Ihr politisches Anliegen, entwickeln eine Strategie und praktische Aktionspl\u00e4ne, begleiten Sie durch den Politikbetrieb und machen konkrete Vorschl\u00e4ge, damit Sie an Einfluss und Sichtbarkeit gewinnen.<\/p>\n<\/div><\/div>\n\n\n\n<div class=\"wp-block-pb-accordion-item c-accordion__item js-accordion-item no-js\" data-initially-open=\"false\" data-click-to-close=\"true\" data-auto-close=\"true\" data-scroll=\"false\" data-scroll-offset=\"0\"><h2 id=\"at-2741\" class=\"c-accordion__title js-accordion-controller\" role=\"button\">Monitoring und Lobbyarbeit<\/h2><div id=\"ac-2741\" class=\"c-accordion__content\">\n<p>Wir halten Sie auf dem Laufenden \u00fcber f\u00fcr Sie relevante, offizielle und informelle Neuigkeiten (Monitoring) und ordnen diese Informationen f\u00fcr Sie ein. Aus unserem breiten Netzwerk vemitteln wir Ihnen Gespr\u00e4chspartner:innen, vertreten Ihr Anliegen gegen\u00fcber Parlamentarier:innen, Verwaltung oder Regierung, koordinieren uns mit Verb\u00fcndeten, organisieren Veranstaltungen und helfen Ihnen, \u00fcberzeugende Unterlagen zu erstellen.<\/p>\n<\/div><\/div>\n\n\n\n<div class=\"wp-block-pb-accordion-item c-accordion__item js-accordion-item no-js\" data-initially-open=\"false\" data-click-to-close=\"true\" data-auto-close=\"true\" data-scroll=\"false\" data-scroll-offset=\"0\"><h2 id=\"at-2742\" class=\"c-accordion__title js-accordion-controller\" role=\"button\">Kommunikation und Kampagne<\/h2><div id=\"ac-2742\" class=\"c-accordion__content\">\n<p>Wir helfen Ihnen, den richtigen Ton zu finden &#8211; in Ihrer Kommunikation gegen\u00fcber der Politik und der \u00d6ffentlichkeit, in der Deutschschweiz und der Romandie. F\u00fcr politische Kampagnen sind wir Ihr Sparring-Partner, nehmen Ihre Kampagnenstrategie unter die Lupe oder entwickeln Kampagnen-Ideen.<\/p>\n<\/div><\/div>\n\n\n\n<div class=\"wp-block-group has-beige-background-color has-background is-layout-constrained wp-block-group-is-layout-constrained\">\n<div class=\"wp-block-pb-accordion-item c-accordion__item js-accordion-item no-js\" data-initially-open=\"false\" data-click-to-close=\"true\" data-auto-close=\"true\" data-scroll=\"false\" data-scroll-offset=\"0\"><h2 id=\"at-2743\" class=\"c-accordion__title js-accordion-controller\" role=\"button\">F\u00fcr wen?<\/h2><div id=\"ac-2743\" class=\"c-accordion__content\">\n<p>Verb\u00e4nde, NGOs, Unternehmen, internationale Organisationen, \u00f6ffentliche Verwaltungen oder staatsnahe Unternehmen, Privatpersonen.<\/p>\n<\/div><\/div>\n\n\n\n<div class=\"wp-block-pb-accordion-item c-accordion__item js-accordion-item no-js\" data-initially-open=\"false\" data-click-to-close=\"true\" data-auto-close=\"true\" data-scroll=\"false\" data-scroll-offset=\"0\"><h2 id=\"at-2744\" class=\"c-accordion__title js-accordion-controller\" role=\"button\">Wann?<\/h2><div id=\"ac-2744\" class=\"c-accordion__content\">\n<p>In jeder Etappe des Entscheidungsprozesses. Langfristig, last-minute oder ad-hoc.<\/p>\n<\/div><\/div>\n\n\n\n<div class=\"wp-block-pb-accordion-item c-accordion__item js-accordion-item no-js\" data-initially-open=\"false\" data-click-to-close=\"true\" data-auto-close=\"true\" data-scroll=\"false\" data-scroll-offset=\"0\"><h2 id=\"at-2745\" class=\"c-accordion__title js-accordion-controller\" role=\"button\">Wo?<\/h2><div id=\"ac-2745\" class=\"c-accordion__content\">\n<p>Auf nationaler, interkantonaler, kantonaler oder kommunaler Ebene &#8211; oder international. Gegen\u00fcber der Bundesverwaltung, unter der Bundeshauskuppel, in Ihrem Kanton oder Gemeinde, gegen\u00fcber spezifischen Gespr\u00e4chspartner:innen. In der ganzen Schweiz und dar\u00fcber hinaus.<\/p>\n<\/div><\/div>\n\n\n\n<div class=\"wp-block-pb-accordion-item c-accordion__item js-accordion-item no-js\" data-initially-open=\"false\" data-click-to-close=\"true\" data-auto-close=\"true\" data-scroll=\"false\" data-scroll-offset=\"0\"><h2 id=\"at-2746\" class=\"c-accordion__title js-accordion-controller\" role=\"button\">Wie?<\/h2><div id=\"ac-2746\" class=\"c-accordion__content\">\n<p>Auf Sie zugeschnitten \u2013 bei uns gibt es keine Standard-Pakete. Wir beraten Sie bilateral, in Gruppen oder mit Workshops, liefern Einsch\u00e4tzungen, Analysen, Interessensvertretung und Studien, sprechen franz\u00f6sisch, deutsch, italienisch oder englisch. Vertrauen, Transparenz und Effizienz sind f\u00fcr uns zentral.<\/p>\n<\/div><\/div>\n<\/div>\n\n\n\n<h2 class=\"wp-block-heading\" id=\"organisationsberatung\">Organisationsberatung<\/h2>\n\n\n\n<div class=\"wp-block-pb-accordion-item c-accordion__item js-accordion-item no-js is-open\" data-initially-open=\"true\" data-click-to-close=\"true\" data-auto-close=\"true\" data-scroll=\"false\" data-scroll-offset=\"0\"><h2 id=\"at-2747\" class=\"c-accordion__title js-accordion-controller\" role=\"button\">Organisation<\/h2><div id=\"ac-2747\" class=\"c-accordion__content\">\n<p>Wir unterst\u00fctzen Sie in der Erarbeitung einer Strategie, von Zielen und Aktionspl\u00e4nen sowie bei deren Umsetzung. Mit unserer Expertise helfen wir Ihnen, eine neue Unternehmenskultur zu implementieren, einen Mehrjahresplan oder ein Legislaturprogramm zu realisieren.<\/p>\n<\/div><\/div>\n\n\n\n<div class=\"wp-block-pb-accordion-item c-accordion__item js-accordion-item no-js\" data-initially-open=\"false\" data-click-to-close=\"true\" data-auto-close=\"true\" data-scroll=\"false\" data-scroll-offset=\"0\"><h2 id=\"at-2748\" class=\"c-accordion__title js-accordion-controller\" role=\"button\">Management<\/h2><div id=\"ac-2748\" class=\"c-accordion__content\">\n<p>Wir begleiten Sie mit einem auf Sie zugeschnittenen Coaching bei Ihrem Amtsantritt, Ihrer Positionierung, bei schwierigen Gespr\u00e4chen oder f\u00fcr politische Kontakte und bieten Seminare oder Workshops f\u00fcr F\u00fchrungspersonen an.<\/p>\n<\/div><\/div>\n\n\n\n<div class=\"wp-block-pb-accordion-item c-accordion__item js-accordion-item no-js\" data-initially-open=\"false\" data-click-to-close=\"true\" data-auto-close=\"true\" data-scroll=\"false\" data-scroll-offset=\"0\"><h2 id=\"at-2749\" class=\"c-accordion__title js-accordion-controller\" role=\"button\">Innovation<\/h2><div id=\"ac-2749\" class=\"c-accordion__content\">\n<p>Wir beraten Sie bei der Weiterentwicklung Ihres Unternehmens, indem wir die Innovationsf\u00e4higkeit analysieren.<\/p>\n<\/div><\/div>\n\n\n\n<div class=\"wp-block-group has-beige-background-color has-background is-layout-constrained wp-block-group-is-layout-constrained\">\n<div class=\"wp-block-pb-accordion-item c-accordion__item js-accordion-item no-js\" data-initially-open=\"false\" data-click-to-close=\"true\" data-auto-close=\"true\" data-scroll=\"false\" data-scroll-offset=\"0\"><h2 id=\"at-27410\" class=\"c-accordion__title js-accordion-controller\" role=\"button\">F\u00fcr wen?<\/h2><div id=\"ac-27410\" class=\"c-accordion__content\">\n<p>Verb\u00e4nde, NGOs, Unternehmen, internationale Organisationen, \u00f6ffentliche Verwaltungen oder halbstaatliche Akteure, Privatpersonen.<\/p>\n<\/div><\/div>\n\n\n\n<div class=\"wp-block-pb-accordion-item c-accordion__item js-accordion-item no-js\" data-initially-open=\"false\" data-click-to-close=\"true\" data-auto-close=\"true\" data-scroll=\"false\" data-scroll-offset=\"0\"><h2 id=\"at-27411\" class=\"c-accordion__title js-accordion-controller\" role=\"button\">Wann?<\/h2><div id=\"ac-27411\" class=\"c-accordion__content\">\n<p>Jederzeit, langfristig, notfallm\u00e4ssig oder ad-hoc.<\/p>\n<\/div><\/div>\n\n\n\n<div class=\"wp-block-pb-accordion-item c-accordion__item js-accordion-item no-js\" data-initially-open=\"false\" data-click-to-close=\"true\" data-auto-close=\"true\" data-scroll=\"false\" data-scroll-offset=\"0\"><h2 id=\"at-27412\" class=\"c-accordion__title js-accordion-controller\" role=\"button\">Wo?<\/h2><div id=\"ac-27412\" class=\"c-accordion__content\">\n<p>In Bern, Genf oder bei Ihnen zu Hause \u2013 in der Schweiz und international<\/p>\n<\/div><\/div>\n\n\n\n<div class=\"wp-block-pb-accordion-item c-accordion__item js-accordion-item no-js\" data-initially-open=\"false\" data-click-to-close=\"true\" data-auto-close=\"true\" data-scroll=\"false\" data-scroll-offset=\"0\"><h2 id=\"at-27413\" class=\"c-accordion__title js-accordion-controller\" role=\"button\">Wie?<\/h2><div id=\"ac-27413\" class=\"c-accordion__content\">\n<p>Auf Sie zugeschnitten \u2013 bei uns gibt es keine Standard-Pakete. Wir liefern Analysen, Studien, bilaterale Beratung, arbeiten mit Gruppen und Workshops, sprechen franz\u00f6sisch, deutsch, italienisch oder englisch. Vertrauen, Transparenz und Effizienz sind f\u00fcr uns zentral.<\/p>\n<\/div><\/div>\n<\/div>\n","protected":false},"excerpt":{"rendered":"<p>Politikberatung Organisationsberatung<\/p>\n","protected":false},"author":1,"featured_media":698,"parent":0,"menu_order":0,"comment_status":"closed","ping_status":"closed","template":"","meta":{"_acf_changed":false,"footnotes":""},"class_list":["post-274","page","type-page","status-publish","has-post-thumbnail","hentry"],"acf":[],"_links":{"self":[{"href":"https:\/\/ellips.ch\/de\/wp-json\/wp\/v2\/pages\/274","targetHints":{"allow":["GET"]}}],"collection":[{"href":"https:\/\/ellips.ch\/de\/wp-json\/wp\/v2\/pages"}],"about":[{"href":"https:\/\/ellips.ch\/de\/wp-json\/wp\/v2\/types\/page"}],"author":[{"embeddable":true,"href":"https:\/\/ellips.ch\/de\/wp-json\/wp\/v2\/users\/1"}],"replies":[{"embeddable":true,"href":"https:\/\/ellips.ch\/de\/wp-json\/wp\/v2\/comments?post=274"}],"version-history":[{"count":47,"href":"https:\/\/ellips.ch\/de\/wp-json\/wp\/v2\/pages\/274\/revisions"}],"predecessor-version":[{"id":956,"href":"https:\/\/ellips.ch\/de\/wp-json\/wp\/v2\/pages\/274\/revisions\/956"}],"wp:featuredmedia":[{"embeddable":true,"href":"https:\/\/ellips.ch\/de\/wp-json\/wp\/v2\/media\/698"}],"wp:attachment":[{"href":"https:\/\/ellips.ch\/de\/wp-json\/wp\/v2\/media?parent=274"}],"curies":[{"name":"wp","href":"https:\/\/api.w.org\/{rel}","templated":true}]}}